{"id":2,"date":"2021-02-06T14:54:14","date_gmt":"2021-02-06T14:54:14","guid":{"rendered":"https:\/\/astrid-p.de\/?page_id=2"},"modified":"2023-01-05T09:41:00","modified_gmt":"2023-01-05T09:41:00","slug":"hauptseite","status":"publish","type":"page","link":"https:\/\/astrid-p.de\/","title":{"rendered":"Hauptseite"},"content":{"rendered":"<p>[et_pb_section fb_built=&#8220;1&#8243; admin_label=&#8220;Start&#8220; module_id=&#8220;start&#8220; _builder_version=&#8220;4.8.2&#8243; use_background_color_gradient=&#8220;on&#8220; background_color_gradient_start=&#8220;#fdd23a&#8220; background_color_gradient_end=&#8220;rgba(41,196,169,0)&#8220; background_color_gradient_direction=&#8220;90deg&#8220; background_color_gradient_start_position=&#8220;50%&#8220; background_color_gradient_end_position=&#8220;0%&#8220; background_image=&#8220;https:\/\/astrid-p.de\/wp-content\/uploads\/2021\/02\/Painter-artist-65.png&#8220; background_size=&#8220;contain&#8220; background_position=&#8220;center_left&#8220; custom_padding=&#8220;||14vw||false|false&#8220; background_last_edited=&#8220;on|phone&#8220; background_color_gradient_direction_tablet=&#8220;0deg&#8220; background_color_gradient_direction_phone=&#8220;90deg&#8220; background_color_gradient_start_position_phone=&#8220;84%&#8220;][et_pb_row column_structure=&#8220;1_2,1_2&#8243; _builder_version=&#8220;4.5.7&#8243;][et_pb_column type=&#8220;1_2&#8243; _builder_version=&#8220;4.5.1&#8243; z_index=&#8220;10&#8243;][et_pb_text _builder_version=&#8220;4.8.2&#8243; header_font=&#8220;Open Sans|800||on|||||&#8220; header_text_color=&#8220;#000000&#8243; header_font_size=&#8220;7vw&#8220; header_line_height=&#8220;1.2em&#8220; header_2_font=&#8220;Open Sans||||||||&#8220; header_3_font=&#8220;Open Sans||||||||&#8220; header_4_font=&#8220;Open Sans||||||||&#8220; header_5_font=&#8220;Open Sans||||||||&#8220; header_6_font=&#8220;Open Sans||||||||&#8220; custom_margin=&#8220;|-22vw|||false|false&#8220; custom_margin_tablet=&#8220;|0vw|||false|false&#8220; custom_margin_phone=&#8220;&#8220; custom_margin_last_edited=&#8220;on|phone&#8220;]<\/p>\n<h1>Astrid<\/h1>\n<h1>Puttins<\/h1>\n<p>[\/et_pb_text][et_pb_text _builder_version=&#8220;4.8.2&#8243; text_font=&#8220;Open Sans||||||||&#8220; text_text_color=&#8220;#000000&#8243; text_font_size=&#8220;32px&#8220; max_width=&#8220;400px&#8220; text_font_size_tablet=&#8220;18px&#8220; text_font_size_phone=&#8220;16px&#8220; text_font_size_last_edited=&#8220;on|phone&#8220;]<\/p>\n<p>Dipl.-Grafikerin und<br \/>Bildende K\u00fcnstlerin<\/p>\n<p>[\/et_pb_text][\/et_pb_column][et_pb_column type=&#8220;1_2&#8243; _builder_version=&#8220;4.5.1&#8243;][et_pb_image src=&#8220;https:\/\/astrid-p.de\/wp-content\/uploads\/2021\/02\/Asti_IMG_0311-scaled.jpg&#8220; title_text=&#8220;Asti_IMG_0311&#8243; _builder_version=&#8220;4.8.2&#8243; background_image=&#8220;https:\/\/astrid-p.de\/wp-content\/uploads\/2021\/02\/Painter-artist-66.png&#8220; background_size=&#8220;initial&#8220; background_position=&#8220;top_right&#8220; custom_margin=&#8220;-50px|-50px|||false|false&#8220; custom_padding=&#8220;50px|50px|||false|false&#8220;][\/et_pb_image][\/et_pb_column][\/et_pb_row][\/et_pb_section][et_pb_section fb_built=&#8220;1&#8243; admin_label=&#8220;Mini-Galerie&#8220; _builder_version=&#8220;4.5.1&#8243;][et_pb_row column_structure=&#8220;1_4,1_4,1_4,1_4&#8243; use_custom_gutter=&#8220;on&#8220; gutter_width=&#8220;2&#8243; _builder_version=&#8220;4.5.7&#8243; z_index=&#8220;10&#8243; width=&#8220;90%&#8220; max_width=&#8220;1600px&#8220; custom_margin=&#8220;-14vw||||false|false&#8220; custom_margin_tablet=&#8220;||0px||false|false&#8220; custom_margin_phone=&#8220;&#8220; custom_margin_last_edited=&#8220;on|desktop&#8220; border_color_all=&#8220;#000000&#8243; border_width_top=&#8220;5px&#8220; border_width_bottom=&#8220;5px&#8220;][et_pb_column type=&#8220;1_4&#8243; _builder_version=&#8220;4.5.7&#8243;][et_pb_image src=&#8220;https:\/\/astrid-p.de\/wp-content\/uploads\/2021\/02\/Asti_IMG_0310-1.jpg&#8220; title_text=&#8220;Asti_IMG_0310&#8243; _builder_version=&#8220;4.8.2&#8243; locked=&#8220;off&#8220;][\/et_pb_image][\/et_pb_column][et_pb_column type=&#8220;1_4&#8243; _builder_version=&#8220;4.4.9&#8243;][et_pb_image src=&#8220;https:\/\/astrid-p.de\/wp-content\/uploads\/2021\/02\/A_Palette.png&#8220; title_text=&#8220;A_Palette&#8220; _builder_version=&#8220;4.8.2&#8243; locked=&#8220;off&#8220;][\/et_pb_image][\/et_pb_column][et_pb_column type=&#8220;1_4&#8243; _builder_version=&#8220;4.4.9&#8243;][et_pb_image src=&#8220;https:\/\/astrid-p.de\/wp-content\/uploads\/2021\/02\/TOM2300.png&#8220; title_text=&#8220;_TOM2300&#8243; _builder_version=&#8220;4.8.2&#8243; locked=&#8220;off&#8220;][\/et_pb_image][\/et_pb_column][et_pb_column type=&#8220;1_4&#8243; _builder_version=&#8220;4.4.9&#8243;][et_pb_image src=&#8220;https:\/\/astrid-p.de\/wp-content\/uploads\/2023\/01\/A_Bild1.png&#8220; title_text=&#8220;A_Bild1&#8243; _builder_version=&#8220;4.9.4&#8243; hover_enabled=&#8220;0&#8243; locked=&#8220;off&#8220; sticky_enabled=&#8220;0&#8243;][\/et_pb_image][\/et_pb_column][\/et_pb_row][\/et_pb_section][et_pb_section fb_built=&#8220;1&#8243; admin_label=&#8220;Astrid-Puttins&#8220; module_id=&#8220;astrid-puttins&#8220; _builder_version=&#8220;4.8.2&#8243; custom_margin=&#8220;||75px||false|false&#8220;][et_pb_row _builder_version=&#8220;4.4.9&#8243; custom_margin=&#8220;-22px|auto||auto||&#8220;][et_pb_column type=&#8220;4_4&#8243; _builder_version=&#8220;4.4.9&#8243;][et_pb_text _builder_version=&#8220;4.8.2&#8243; text_font=&#8220;Open Sans||||||||&#8220; text_font_size=&#8220;24px&#8220; text_line_height=&#8220;1.6em&#8220; header_font=&#8220;Open Sans||||||||&#8220; header_2_font=&#8220;Open Sans||||||||&#8220; header_2_text_color=&#8220;#000000&#8243; header_2_font_size=&#8220;76px&#8220; header_2_line_height=&#8220;1.2em&#8220; text_orientation=&#8220;center&#8220; custom_padding=&#8220;50px||50px||false|false&#8220; header_2_font_size_tablet=&#8220;40px&#8220; header_2_font_size_phone=&#8220;35px&#8220; header_2_font_size_last_edited=&#8220;on|phone&#8220; locked=&#8220;off&#8220;]<\/p>\n<h2 style=\"text-align: center;\">Astrid Puttins<\/h2>\n<p>[\/et_pb_text][\/et_pb_column][\/et_pb_row][et_pb_row column_structure=&#8220;3_5,2_5&#8243; make_equal=&#8220;on&#8220; _builder_version=&#8220;4.8.2&#8243; max_width=&#8220;1600px&#8220;][et_pb_column type=&#8220;3_5&#8243; _builder_version=&#8220;4.8.2&#8243;][et_pb_text _builder_version=&#8220;4.9.4&#8243; text_font=&#8220;Open Sans||||||||&#8220; text_text_color=&#8220;#666666&#8243; text_font_size=&#8220;24px&#8220; locked=&#8220;off&#8220;]<\/p>\n<p>Astrid Puttins wurde in D\u00fcsseldorf geboren und etablierte auch dort ihren Arbeitsschwerpunkt.<\/p>\n<p>Sie ist seit vielen Jahren bundesweit in Einzel- und Gruppenausstellungen zu sehen.<\/p>\n<p>Als bildende K\u00fcnstlerin f\u00fchlt sie sich besonders von kontroversen Themen angezogen. Sie interpretiert auf k\u00fcnstlerische Weise die von ihr wahrgenommene Empfindsamkeit und Zerbrechlichkeit im Lebensprozess und l\u00e4sst diese Impulse in ihre Malereien und Installationen einflie\u00dfen. Das Experimentieren im fortlaufenden Schaffensprozess als solches ist provoziert und gewollt. W\u00e4hrenddessen entstehen f\u00fcr sie vielf\u00e4ltige k\u00fcnstlerische M\u00f6glichkeiten, welche sich in informellen, abstrakten und zeichnerischen Werkreihen wiederfinden. Sie erschafft in der collageartigen Kombination von Material und Farbe v\u00f6llig eigenst\u00e4ndige Bildr\u00e4ume, die einen surrealen Charakter aufweisen.\u2028 Astrid Puttins Arbeitsweise findet ihren malerischen Ausdruck in den experimentellen Wandlungen, im Tun stellt es sich als ein gelungenes Mittel dar, um ihre eigenst\u00e4ndige Bildsprache st\u00e4ndig weiterzuentwickeln.\u2028 \u00dcber ihren Ansatz, sich \u00fcber eine lebendige Kommunikation und Interaktionen in gesellschaftlichen Prozessen auseinanderzusetzen, l\u00e4dt sie den\/die Rezipienten*in ein und bietet somit eine Br\u00fccke an, um auf relevante Themen in der Kunst zu reagieren.<\/p>\n<p>[\/et_pb_text][\/et_pb_column][et_pb_column type=&#8220;2_5&#8243; _builder_version=&#8220;4.8.2&#8243; background_color=&#8220;#fdd23e&#8220; z_index=&#8220;10&#8243; custom_padding_tablet=&#8220;&#8220; custom_padding_phone=&#8220;0px|0px|0px|0px|false|false&#8220; custom_padding_last_edited=&#8220;on|phone&#8220;][et_pb_image src=&#8220;https:\/\/astrid-p.de\/wp-content\/uploads\/2021\/02\/Signatur.png&#8220; title_text=&#8220;Signatur&#8220; show_bottom_space=&#8220;off&#8220; _builder_version=&#8220;4.8.2&#8243; max_width_tablet=&#8220;250px&#8220; max_width_phone=&#8220;180px&#8220; max_width_last_edited=&#8220;off|desktop&#8220; custom_padding=&#8220;10%|10%|10%|10%|false|false&#8220; locked=&#8220;off&#8220;][\/et_pb_image][\/et_pb_column][\/et_pb_row][\/et_pb_section][et_pb_section fb_built=&#8220;1&#8243; admin_label=&#8220;Galerie&#8220; module_id=&#8220;galerie&#8220; _builder_version=&#8220;4.8.2&#8243; custom_margin=&#8220;||0px||false|false&#8220;][et_pb_row _builder_version=&#8220;4.4.9&#8243; locked=&#8220;off&#8220;][et_pb_column type=&#8220;4_4&#8243; _builder_version=&#8220;4.4.9&#8243;][et_pb_image src=&#8220;https:\/\/astrid-p.de\/wp-content\/uploads\/2021\/02\/Painter-artist-30.png&#8220; title_text=&#8220;Painter-artist-30&#8243; _builder_version=&#8220;4.8.2&#8243; max_width=&#8220;200px&#8220; max_width_tablet=&#8220;140px&#8220; max_width_phone=&#8220;100px&#8220; max_width_last_edited=&#8220;on|phone&#8220; custom_margin=&#8220;||0px|-100px|false|false&#8220; custom_margin_tablet=&#8220;||5px|-60px|false|false&#8220; custom_margin_phone=&#8220;||10px|-25px|false|false&#8220; custom_margin_last_edited=&#8220;on|phone&#8220; locked=&#8220;off&#8220;][\/et_pb_image][et_pb_text _builder_version=&#8220;4.8.2&#8243; text_font=&#8220;Open Sans||||||||&#8220; header_font=&#8220;Open Sans||||||||&#8220; header_2_font=&#8220;Open Sans||||||||&#8220; header_2_text_color=&#8220;#000000&#8243; header_2_font_size=&#8220;66px&#8220; header_2_line_height=&#8220;1.4em&#8220; header_3_font=&#8220;Open Sans||||||||&#8220; header_4_font=&#8220;Open Sans||||||||&#8220; header_5_font=&#8220;Open Sans||||||||&#8220; header_6_font=&#8220;Open Sans||||||||&#8220; max_width=&#8220;800px&#8220; module_alignment=&#8220;left&#8220; header_2_font_size_tablet=&#8220;35px&#8220; header_2_font_size_phone=&#8220;24px&#8220; header_2_font_size_last_edited=&#8220;on|phone&#8220; locked=&#8220;off&#8220;]<\/p>\n<h2>Galerie<\/h2>\n<p>[\/et_pb_text][\/et_pb_column][\/et_pb_row][\/et_pb_section][et_pb_section fb_built=&#8220;1&#8243; admin_label=&#8220;Galerie Inhalt&#8220; _builder_version=&#8220;4.8.2&#8243; background_image=&#8220;https:\/\/astrid-p.de\/wp-content\/uploads\/2021\/02\/Painter-artist-33.png&#8220; background_position=&#8220;top_center&#8220; custom_margin=&#8220;||75px||false|false&#8220;][et_pb_row make_equal=&#8220;on&#8220; _builder_version=&#8220;4.8.2&#8243; custom_margin=&#8220;||0px||false|false&#8220;][et_pb_column type=&#8220;4_4&#8243; _builder_version=&#8220;4.4.9&#8243;][et_pb_gallery gallery_ids=&#8220;349,113,112,109,108,107,106,340,110&#8243; posts_number=&#8220;8&#8243; orientation=&#8220;portrait&#8220; show_title_and_caption=&#8220;off&#8220; show_pagination=&#8220;off&#8220; hover_icon=&#8220;%%2%%&#8220; _builder_version=&#8220;4.9.4&#8243; _module_preset=&#8220;default&#8220; title_font_size=&#8220;28px&#8220; caption_text_color=&#8220;RGBA(0,0,0,0)&#8220; caption_font_size=&#8220;1px&#8220; hover_enabled=&#8220;0&#8243; sticky_enabled=&#8220;0&#8243;][\/et_pb_gallery][\/et_pb_column][\/et_pb_row][\/et_pb_section][et_pb_section fb_built=&#8220;1&#8243; admin_label=&#8220;Herzensprojekt&#8220; module_id=&#8220;engagement&#8220; _builder_version=&#8220;4.8.2&#8243; min_height=&#8220;665.3px&#8220; custom_margin=&#8220;||75px||false|false&#8220;][et_pb_row _builder_version=&#8220;4.4.9&#8243; locked=&#8220;off&#8220;][et_pb_column type=&#8220;4_4&#8243; _builder_version=&#8220;4.4.9&#8243;][et_pb_image src=&#8220;https:\/\/astrid-p.de\/wp-content\/uploads\/2021\/02\/Painter-artist-30.png&#8220; title_text=&#8220;Painter-artist-30&#8243; align=&#8220;right&#8220; _builder_version=&#8220;4.8.2&#8243; max_width=&#8220;200px&#8220; max_width_tablet=&#8220;140px&#8220; max_width_phone=&#8220;100px&#8220; max_width_last_edited=&#8220;on|phone&#8220; custom_margin=&#8220;||0px|-100px|false|false&#8220; custom_margin_tablet=&#8220;||5px|-60px|false|false&#8220; custom_margin_phone=&#8220;||10px|-25px|false|false&#8220; custom_margin_last_edited=&#8220;on|phone&#8220; locked=&#8220;off&#8220;][\/et_pb_image][et_pb_text _builder_version=&#8220;4.8.2&#8243; header_font=&#8220;Open Sans||||||||&#8220; header_2_font=&#8220;Open Sans||||||||&#8220; header_2_text_color=&#8220;#000000&#8243; header_2_font_size=&#8220;66px&#8220; header_2_line_height=&#8220;1.4em&#8220; max_width=&#8220;800px&#8220; module_alignment=&#8220;left&#8220; header_2_font_size_tablet=&#8220;35px&#8220; header_2_font_size_phone=&#8220;24px&#8220; header_2_font_size_last_edited=&#8220;on|phone&#8220; locked=&#8220;off&#8220;]<\/p>\n<h2>Herzensprojekt<\/h2>\n<p>[\/et_pb_text][et_pb_text _builder_version=&#8220;4.8.2&#8243; text_text_color=&#8220;#666666&#8243; text_font_size=&#8220;24px&#8220; locked=&#8220;off&#8220;]<\/p>\n<p>Durch das Konzept <a href=\"https:\/\/astrid-p.de\/?page_id=213\"><strong><em>#dranbleiben!<\/em><\/strong><\/a> engagiere ich mich f\u00fcr die Rechte von Frauen.<\/p>\n<p>[\/et_pb_text][et_pb_button button_url=&#8220;@ET-DC@eyJkeW5hbWljIjp0cnVlLCJjb250ZW50IjoicG9zdF9saW5rX3VybF9wYWdlIiwic2V0dGluZ3MiOnsicG9zdF9pZCI6IjIxMyJ9fQ==@&#8220; button_text=&#8220;Erfahren Sie mehr&#8230;&#8220; button_alignment=&#8220;left&#8220; _builder_version=&#8220;4.8.2&#8243; _dynamic_attributes=&#8220;button_url&#8220; _module_preset=&#8220;default&#8220; custom_button=&#8220;on&#8220; button_border_radius=&#8220;100px&#8220; button_font=&#8220;Open Sans||||||||&#8220; button_use_icon=&#8220;off&#8220; custom_padding=&#8220;||0px|||&#8220;][\/et_pb_button][\/et_pb_column][\/et_pb_row][\/et_pb_section][et_pb_section fb_built=&#8220;1&#8243; admin_label=&#8220;Kontakt&#8220; module_id=&#8220;kontakt&#8220; _builder_version=&#8220;4.8.2&#8243;][et_pb_row column_structure=&#8220;1_2,1_2&#8243; _builder_version=&#8220;4.4.9&#8243;][et_pb_column type=&#8220;1_2&#8243; _builder_version=&#8220;4.4.9&#8243;][et_pb_image src=&#8220;https:\/\/astrid-p.de\/wp-content\/uploads\/2021\/02\/Painter-artist-34.png&#8220; title_text=&#8220;Painter-artist-34&#8243; _builder_version=&#8220;4.4.9&#8243; positioning=&#8220;absolute&#8220; position_origin_a=&#8220;top_right&#8220; vertical_offset=&#8220;-12%&#8220; horizontal_offset=&#8220;-26%&#8220; vertical_offset_tablet=&#8220;-80px&#8220; vertical_offset_phone=&#8220;-70px&#8220; vertical_offset_last_edited=&#8220;off|desktop&#8220; horizontal_offset_tablet=&#8220;-40px&#8220; horizontal_offset_phone=&#8220;-20px&#8220; horizontal_offset_last_edited=&#8220;on|desktop&#8220; width=&#8220;100%&#8220;][\/et_pb_image][et_pb_text _builder_version=&#8220;4.8.2&#8243; header_2_font=&#8220;Open Sans||||||||&#8220; header_2_font_size=&#8220;72px&#8220; header_3_font=&#8220;Merriweather||||||||&#8220; header_3_font_size=&#8220;56px&#8220; z_index=&#8220;11&#8243; text_orientation=&#8220;right&#8220; custom_margin=&#8220;||-30px||false|false&#8220; custom_margin_tablet=&#8220;||-25px||false|false&#8220; custom_margin_phone=&#8220;||-20px||false|false&#8220; custom_margin_last_edited=&#8220;on|phone&#8220; custom_padding=&#8220;|0px||||&#8220; header_3_font_size_tablet=&#8220;36px&#8220; header_3_font_size_phone=&#8220;30px&#8220; header_3_font_size_last_edited=&#8220;on|phone&#8220; locked=&#8220;off&#8220;]<\/p>\n<h2 style=\"text-align: center;\">Kontakt<\/h2>\n<p>&nbsp;<\/p>\n<p>[\/et_pb_text][et_pb_image src=&#8220;https:\/\/astrid-p.de\/wp-content\/uploads\/2021\/02\/Asti.png&#8220; title_text=&#8220;Asti Kontakt&#8220; _builder_version=&#8220;4.8.2&#8243; locked=&#8220;off&#8220;][\/et_pb_image][\/et_pb_column][et_pb_column type=&#8220;1_2&#8243; _builder_version=&#8220;4.4.9&#8243; custom_padding=&#8220;150px||40px||false|false&#8220; custom_padding_tablet=&#8220;&#8220; custom_padding_phone=&#8220;||30px||false|false&#8220; custom_padding_last_edited=&#8220;on|phone&#8220;][et_pb_text _builder_version=&#8220;4.8.2&#8243; text_font=&#8220;Merriweather||||||||&#8220; text_text_color=&#8220;#000000&#8243; text_font_size=&#8220;26px&#8220; link_text_color=&#8220;#000000&#8243; header_6_font=&#8220;Montserrat|700||on|||||&#8220; header_6_text_color=&#8220;#fd6927&#8243; header_6_font_size=&#8220;12px&#8220; header_6_letter_spacing=&#8220;2px&#8220; header_6_line_height=&#8220;1.2em&#8220; text_orientation=&#8220;center&#8220; text_font_size_tablet=&#8220;18px&#8220; text_font_size_phone=&#8220;16px&#8220; text_font_size_last_edited=&#8220;on|desktop&#8220; locked=&#8220;off&#8220;]<\/p>\n<h4>Astrid Puttins<\/h4>\n<p>[\/et_pb_text][et_pb_text _builder_version=&#8220;4.8.2&#8243; text_font=&#8220;Open Sans||||||||&#8220; text_text_color=&#8220;#666666&#8243; text_font_size=&#8220;26px&#8220; link_text_color=&#8220;#000000&#8243; header_6_font=&#8220;Montserrat|700||on|||||&#8220; header_6_text_color=&#8220;#fd6927&#8243; header_6_font_size=&#8220;12px&#8220; header_6_letter_spacing=&#8220;2px&#8220; header_6_line_height=&#8220;1.2em&#8220; text_orientation=&#8220;center&#8220; text_font_size_tablet=&#8220;18px&#8220; text_font_size_phone=&#8220;16px&#8220; text_font_size_last_edited=&#8220;on|desktop&#8220; locked=&#8220;off&#8220;]<\/p>\n<div class=\"\"><span class=\"\">Am Hommelshof 56<\/span><\/div>\n<div class=\"\"><span class=\"\">41352 Korschenbroich\u00a0<\/span><\/div>\n<p>[\/et_pb_text][et_pb_text _builder_version=&#8220;4.8.2&#8243; text_font=&#8220;Open Sans||||||||&#8220; text_text_color=&#8220;#666666&#8243; text_font_size=&#8220;26px&#8220; link_text_color=&#8220;#000000&#8243; header_6_font=&#8220;Montserrat|700||on|||||&#8220; header_6_text_color=&#8220;#fd6927&#8243; header_6_font_size=&#8220;12px&#8220; header_6_letter_spacing=&#8220;2px&#8220; header_6_line_height=&#8220;1.2em&#8220; text_orientation=&#8220;center&#8220; text_font_size_tablet=&#8220;18px&#8220; text_font_size_phone=&#8220;16px&#8220; text_font_size_last_edited=&#8220;on|desktop&#8220; locked=&#8220;off&#8220;]<\/p>\n<div class=\"\">+49 160 90 70 64 10<\/div>\n<p>[\/et_pb_text][et_pb_text _builder_version=&#8220;4.8.2&#8243; text_font=&#8220;Open Sans||||||||&#8220; text_text_color=&#8220;#666666&#8243; text_font_size=&#8220;26px&#8220; link_text_color=&#8220;#000000&#8243; header_6_font=&#8220;Montserrat|700||on|||||&#8220; header_6_text_color=&#8220;#fd6927&#8243; header_6_font_size=&#8220;12px&#8220; header_6_letter_spacing=&#8220;2px&#8220; header_6_line_height=&#8220;1.2em&#8220; text_orientation=&#8220;center&#8220; text_font_size_tablet=&#8220;18px&#8220; text_font_size_phone=&#8220;16px&#8220; text_font_size_last_edited=&#8220;on|desktop&#8220; locked=&#8220;off&#8220;]<\/p>\n<div class=\"\">info@astrid-p.de<\/div>\n<p>[\/et_pb_text][et_pb_button button_url=&#8220;mailto:info@astrid-p.de&#8220; button_text=&#8220;E-Mail&#8220; button_alignment=&#8220;center&#8220; _builder_version=&#8220;4.8.2&#8243; _module_preset=&#8220;default&#8220; custom_button=&#8220;on&#8220; button_border_radius=&#8220;100px&#8220; button_font=&#8220;Open Sans||||||||&#8220; button_use_icon=&#8220;off&#8220;][\/et_pb_button][\/et_pb_column][\/et_pb_row][\/et_pb_section]<\/p>\n","protected":false},"excerpt":{"rendered":"<p>[et_pb_section fb_built=&#8220;1&#8243; admin_label=&#8220;Start&#8220; module_id=&#8220;start&#8220; _builder_version=&#8220;4.8.2&#8243; use_background_color_gradient=&#8220;on&#8220; background_color_gradient_start=&#8220;#fdd23a&#8220; background_color_gradient_end=&#8220;rgba(41,196,169,0)&#8220; background_color_gradient_direction=&#8220;90deg&#8220; background_color_gradient_start_position=&#8220;50%&#8220; background_color_gradient_end_position=&#8220;0%&#8220; background_image=&#8220;https:\/\/astrid-p.de\/wp-content\/uploads\/2021\/02\/Painter-artist-65.png&#8220; background_size=&#8220;contain&#8220; background_position=&#8220;center_left&#8220; custom_padding=&#8220;||14vw||false|false&#8220; background_last_edited=&#8220;on|phone&#8220; background_color_gradient_direction_tablet=&#8220;0deg&#8220; background_color_gradient_direction_phone=&#8220;90deg&#8220; background_color_gradient_start_position_phone=&#8220;84%&#8220;][et_pb_row column_structure=&#8220;1_2,1_2&#8243; _builder_version=&#8220;4.5.7&#8243;][et_pb_column type=&#8220;1_2&#8243; _builder_version=&#8220;4.5.1&#8243; z_index=&#8220;10&#8243;][et_pb_text _builder_version=&#8220;4.8.2&#8243; header_font=&#8220;Open Sans|800||on|||||&#8220; header_text_color=&#8220;#000000&#8243; header_font_size=&#8220;7vw&#8220; header_line_height=&#8220;1.2em&#8220; header_2_font=&#8220;Open Sans||||||||&#8220; header_3_font=&#8220;Open Sans||||||||&#8220; header_4_font=&#8220;Open Sans||||||||&#8220; header_5_font=&#8220;Open Sans||||||||&#8220; header_6_font=&#8220;Open Sans||||||||&#8220; custom_margin=&#8220;|-22vw|||false|false&#8220; custom_margin_tablet=&#8220;|0vw|||false|false&#8220; custom_margin_phone=&#8220;&#8220; custom_margin_last_edited=&#8220;on|phone&#8220;] Astrid Puttins [\/et_pb_text][et_pb_text _builder_version=&#8220;4.8.2&#8243; text_font=&#8220;Open Sans||||||||&#8220; text_text_color=&#8220;#000000&#8243; text_font_size=&#8220;32px&#8220; max_width=&#8220;400px&#8220; text_font_size_tablet=&#8220;18px&#8220; text_font_size_phone=&#8220;16px&#8220; [&hellip;]<\/p>\n","protected":false},"author":1,"featured_media":0,"parent":0,"menu_order":0,"comment_status":"closed","ping_status":"closed","template":"","meta":{"_et_pb_use_builder":"on","_et_pb_old_content":"<!-- wp:paragraph -->\r\n<p>This is an example page. It's different from a blog post because it will stay in one place and will show up in your site navigation (in most themes). Most people start with an About page that introduces them to potential site visitors. It might say something like this:<\/p>\r\n<!-- \/wp:paragraph -->\r\n\r\n<!-- wp:quote -->\r\n<blockquote class=\"wp-block-quote\"><p>Hi there! I'm a bike messenger by day, aspiring actor by night, and this is my website. I live in Los Angeles, have a great dog named Jack, and I like pi\u00f1a coladas. (And gettin' caught in the rain.)<\/p><\/blockquote>\r\n<!-- \/wp:quote -->\r\n\r\n<!-- wp:paragraph -->\r\n<p>...or something like this:<\/p>\r\n<!-- \/wp:paragraph -->\r\n\r\n<!-- wp:quote -->\r\n<blockquote class=\"wp-block-quote\"><p>The XYZ Doohickey Company was founded in 1971, and has been providing quality doohickeys to the public ever since. Located in Gotham City, XYZ employs over 2,000 people and does all kinds of awesome things for the Gotham community.<\/p><\/blockquote>\r\n<!-- \/wp:quote -->\r\n\r\n<!-- wp:paragraph -->\r\n<p>As a new WordPress user, you should go to <a href=\"https:\/\/astrid-p.de\/wp-admin\/\">your dashboard<\/a> to delete this page and create new pages for your content. Have fun!<\/p>\r\n<!-- \/wp:paragraph -->","_et_gb_content_width":"","footnotes":""},"_links":{"self":[{"href":"https:\/\/astrid-p.de\/index.php?rest_route=\/wp\/v2\/pages\/2"}],"collection":[{"href":"https:\/\/astrid-p.de\/index.php?rest_route=\/wp\/v2\/pages"}],"about":[{"href":"https:\/\/astrid-p.de\/index.php?rest_route=\/wp\/v2\/types\/page"}],"author":[{"embeddable":true,"href":"https:\/\/astrid-p.de\/index.php?rest_route=\/wp\/v2\/users\/1"}],"replies":[{"embeddable":true,"href":"https:\/\/astrid-p.de\/index.php?rest_route=%2Fwp%2Fv2%2Fcomments&post=2"}],"version-history":[{"count":92,"href":"https:\/\/astrid-p.de\/index.php?rest_route=\/wp\/v2\/pages\/2\/revisions"}],"predecessor-version":[{"id":354,"href":"https:\/\/astrid-p.de\/index.php?rest_route=\/wp\/v2\/pages\/2\/revisions\/354"}],"wp:attachment":[{"href":"https:\/\/astrid-p.de\/index.php?rest_route=%2Fwp%2Fv2%2Fmedia&parent=2"}],"curies":[{"name":"wp","href":"https:\/\/api.w.org\/{rel}","templated":true}]}}