{"id":213,"date":"2021-02-07T13:56:42","date_gmt":"2021-02-07T13:56:42","guid":{"rendered":"https:\/\/astrid-p.de\/?page_id=213"},"modified":"2021-04-14T16:20:58","modified_gmt":"2021-04-14T16:20:58","slug":"herzensprojekt","status":"publish","type":"page","link":"https:\/\/astrid-p.de\/?page_id=213","title":{"rendered":"Herzensprojekt"},"content":{"rendered":"<p>[et_pb_section fb_built=&#8220;1&#8243; admin_label=&#8220;Herzensprojekt&#8220; _builder_version=&#8220;4.8.2&#8243; background_color=&#8220;#fdd23a&#8220; use_background_color_gradient=&#8220;on&#8220; background_color_gradient_start=&#8220;rgba(0,0,0,0)&#8220; background_color_gradient_end=&#8220;#ffffff&#8220; background_color_gradient_direction=&#8220;90deg&#8220; background_color_gradient_start_position=&#8220;70%&#8220; background_color_gradient_end_position=&#8220;70%&#8220; background_image=&#8220;https:\/\/astrid-p.de\/wp-content\/uploads\/2021\/02\/Painter-artist-46.png&#8220; custom_padding=&#8220;||0px|||&#8220; background_last_edited=&#8220;off|desktop&#8220; background_color_gradient_start_position_tablet=&#8220;55%&#8220; background_color_gradient_start_position_phone=&#8220;35%&#8220; background_color_gradient_end_position_tablet=&#8220;55%&#8220; background_color_gradient_end_position_phone=&#8220;35%&#8220; box_shadow_style=&#8220;preset7&#8243; box_shadow_horizontal=&#8220;0px&#8220; box_shadow_vertical=&#8220;-150px&#8220; box_shadow_color=&#8220;#ffffff&#8220; box_shadow_vertical_tablet=&#8220;-80vh&#8220; box_shadow_vertical_last_edited=&#8220;off|phone&#8220; collapsed=&#8220;off&#8220;][et_pb_row column_structure=&#8220;1_2,1_2&#8243; _builder_version=&#8220;4.9.4&#8243; custom_margin=&#8220;||75px||false|false&#8220; collapsed=&#8220;off&#8220;][et_pb_column type=&#8220;1_2&#8243; _builder_version=&#8220;4.4.9&#8243;][et_pb_image src=&#8220;https:\/\/astrid-p.de\/wp-content\/uploads\/2021\/02\/Asti_IMG_0314-2-scaled.jpg&#8220; title_text=&#8220;Asti_IMG_0314 2&#8243; _builder_version=&#8220;4.8.2&#8243; locked=&#8220;off&#8220;][\/et_pb_image][\/et_pb_column][et_pb_column type=&#8220;1_2&#8243; _builder_version=&#8220;4.4.9&#8243;][et_pb_text admin_label=&#8220;Text&#8220; _builder_version=&#8220;4.8.2&#8243; text_font=&#8220;Open Sans||||||||&#8220; header_font=&#8220;Montserrat|800||on|||||&#8220; header_text_color=&#8220;#000000&#8243; header_font_size=&#8220;7vw&#8220; header_line_height=&#8220;1.2em&#8220; text_orientation=&#8220;right&#8220; custom_margin=&#8220;|||-22vw|false|false&#8220; custom_margin_tablet=&#8220;|||0vw|false|false&#8220; custom_margin_phone=&#8220;&#8220; custom_margin_last_edited=&#8220;on|phone&#8220; locked=&#8220;off&#8220;]<\/p>\n<h1>Herzens-<br \/>projekt<\/h1>\n<p>[\/et_pb_text][et_pb_text _builder_version=&#8220;4.9.4&#8243; text_font=&#8220;Open Sans||||||||&#8220; text_text_color=&#8220;#000000&#8243; text_font_size=&#8220;26px&#8220; text_line_height=&#8220;1.4em&#8220; text_orientation=&#8220;right&#8220; max_width=&#8220;400px&#8220; module_alignment=&#8220;right&#8220; custom_padding=&#8220;0px|||||&#8220; text_font_size_tablet=&#8220;18px&#8220; text_font_size_phone=&#8220;16px&#8220; text_font_size_last_edited=&#8220;on|desktop&#8220; locked=&#8220;off&#8220;]<\/p>\n<p>Das Thema Rechte von Frauen liegt mir ganz besonders am Herzen. Immer wieder ist es f\u00fcr mich erschreckend, dass es in unserer heutigen, aufgekl\u00e4rten Welt unver\u00e4ndert weiterhin zu massiven, archaischen Verhaltensweisen gegen\u00fcber Frauen kommt. Teilweise sind die von Frauen bereits erk\u00e4mpften Rechte wieder regressiv und keineswegs zeitgem\u00e4\u00df.<\/p>\n<p>[\/et_pb_text][\/et_pb_column][\/et_pb_row][et_pb_row _builder_version=&#8220;4.8.2&#8243; _module_preset=&#8220;default&#8220; custom_margin=&#8220;75px||||false|false&#8220; custom_padding=&#8220;3px|||||&#8220;][et_pb_column type=&#8220;4_4&#8243; _builder_version=&#8220;4.8.2&#8243; _module_preset=&#8220;default&#8220;][et_pb_text _builder_version=&#8220;4.9.4&#8243; _module_preset=&#8220;default&#8220; text_font=&#8220;Open Sans||||||||&#8220; text_text_color=&#8220;#666666&#8243; text_line_height=&#8220;1.4em&#8220; width=&#8220;74.1%&#8220; custom_padding=&#8220;||1px|||&#8220; custom_margin=&#8220;|27px||||&#8220;]<\/p>\n<p class=\"EinfAbs\"><span class=\"\">Deswegen erachte ich es als meine k\u00fcnstlerische Pflicht, auf die gelebten und sogar zum Teil gesellschaftspolitisch anerkannten, defizit\u00e4ren Lebensbedingungen von Frauen mit meinen k\u00fcnstlerischen Werken Stellung zu beziehen, auf Missst\u00e4nde aufmerksam zu machen und diese aufzuzeigen. Die Thematik von Frauenrechten ist seit langem ein zentraler Punkt in meiner Kunst. <\/span><\/p>\n<p class=\"EinfAbs\"><span class=\"\">Entstanden sind in dieser Zeit Werkserien, von den einige exemplarische Arbeiten auf der Projekt-Website zu sehen sind.<\/span><\/p>\n<p>[\/et_pb_text][et_pb_text _builder_version=&#8220;4.9.4&#8243; _module_preset=&#8220;default&#8220; text_font=&#8220;Open Sans||||||||&#8220; text_text_color=&#8220;#666666&#8243; text_font_size=&#8220;20px&#8220; text_line_height=&#8220;1.6em&#8220; width=&#8220;71%&#8220; link_option_url_new_window=&#8220;on&#8220;]<\/p>\n<p>&nbsp;<\/p>\n<p><span style=\"font-size: x-large;\">Weitere Informationen zu dem Kunst-Projekt<\/span><\/p>\n<p><span style=\"font-size: x-large;\"><\/span><\/p>\n<p style=\"text-align: center;\"><span style=\"font-size: xx-large;\">\u00a0<strong><em>#dranbleiben!<\/em><\/strong> \u2013 Rechte von Frauen <\/span><\/p>\n<p><span style=\"font-size: x-large;\">finden Sie hier:<\/span><\/p>\n<p style=\"text-align: center;\"><span style=\"color: #9b49ed;\"><a href=\"http:\/\/hashtag-dranbleiben.de\/Home\/\" style=\"color: #9b49ed;\"><span style=\"text-decoration: underline;\"><strong><span style=\"font-size: xx-large;\">http:\/\/hashtag-dranbleiben.de<\/span><\/strong><\/span><\/a><\/span><\/p>\n<p>&nbsp;<\/p>\n<p>&nbsp;<\/p>\n<p>&nbsp;<\/p>\n<p>&nbsp;<\/p>\n<p>&nbsp;<\/p>\n<p>&nbsp;<\/p>\n<p>[\/et_pb_text][\/et_pb_column][\/et_pb_row][et_pb_row _builder_version=&#8220;4.8.2&#8243; _module_preset=&#8220;default&#8220; custom_margin=&#8220;75px||||false|false&#8220;][et_pb_column type=&#8220;4_4&#8243; _builder_version=&#8220;4.8.2&#8243; _module_preset=&#8220;default&#8220;][\/et_pb_column][\/et_pb_row][\/et_pb_section]<\/p>\n","protected":false},"excerpt":{"rendered":"<p>[et_pb_section fb_built=&#8220;1&#8243; admin_label=&#8220;Herzensprojekt&#8220; _builder_version=&#8220;4.8.2&#8243; background_color=&#8220;#fdd23a&#8220; use_background_color_gradient=&#8220;on&#8220; background_color_gradient_start=&#8220;rgba(0,0,0,0)&#8220; background_color_gradient_end=&#8220;#ffffff&#8220; background_color_gradient_direction=&#8220;90deg&#8220; background_color_gradient_start_position=&#8220;70%&#8220; background_color_gradient_end_position=&#8220;70%&#8220; background_image=&#8220;https:\/\/astrid-p.de\/wp-content\/uploads\/2021\/02\/Painter-artist-46.png&#8220; custom_padding=&#8220;||0px|||&#8220; background_last_edited=&#8220;off|desktop&#8220; background_color_gradient_start_position_tablet=&#8220;55%&#8220; background_color_gradient_start_position_phone=&#8220;35%&#8220; background_color_gradient_end_position_tablet=&#8220;55%&#8220; background_color_gradient_end_position_phone=&#8220;35%&#8220; box_shadow_style=&#8220;preset7&#8243; box_shadow_horizontal=&#8220;0px&#8220; box_shadow_vertical=&#8220;-150px&#8220; box_shadow_color=&#8220;#ffffff&#8220; box_shadow_vertical_tablet=&#8220;-80vh&#8220; box_shadow_vertical_last_edited=&#8220;off|phone&#8220; collapsed=&#8220;off&#8220;][et_pb_row column_structure=&#8220;1_2,1_2&#8243; _builder_version=&#8220;4.9.4&#8243; custom_margin=&#8220;||75px||false|false&#8220; collapsed=&#8220;off&#8220;][et_pb_column type=&#8220;1_2&#8243; _builder_version=&#8220;4.4.9&#8243;][et_pb_image src=&#8220;https:\/\/astrid-p.de\/wp-content\/uploads\/2021\/02\/Asti_IMG_0314-2-scaled.jpg&#8220; title_text=&#8220;Asti_IMG_0314 2&#8243; _builder_version=&#8220;4.8.2&#8243; locked=&#8220;off&#8220;][\/et_pb_image][\/et_pb_column][et_pb_column type=&#8220;1_2&#8243; _builder_version=&#8220;4.4.9&#8243;][et_pb_text admin_label=&#8220;Text&#8220; _builder_version=&#8220;4.8.2&#8243; text_font=&#8220;Open Sans||||||||&#8220; header_font=&#8220;Montserrat|800||on|||||&#8220; header_text_color=&#8220;#000000&#8243; header_font_size=&#8220;7vw&#8220; header_line_height=&#8220;1.2em&#8220; text_orientation=&#8220;right&#8220; custom_margin=&#8220;|||-22vw|false|false&#8220; custom_margin_tablet=&#8220;|||0vw|false|false&#8220; custom_margin_phone=&#8220;&#8220; custom_margin_last_edited=&#8220;on|phone&#8220; locked=&#8220;off&#8220;] Herzens-projekt [\/et_pb_text][et_pb_text _builder_version=&#8220;4.9.4&#8243; [&hellip;]<\/p>\n","protected":false},"author":1,"featured_media":0,"parent":0,"menu_order":0,"comment_status":"closed","ping_status":"closed","template":"","meta":{"_et_pb_use_builder":"on","_et_pb_old_content":"","_et_gb_content_width":"","footnotes":""},"_links":{"self":[{"href":"https:\/\/astrid-p.de\/index.php?rest_route=\/wp\/v2\/pages\/213"}],"collection":[{"href":"https:\/\/astrid-p.de\/index.php?rest_route=\/wp\/v2\/pages"}],"about":[{"href":"https:\/\/astrid-p.de\/index.php?rest_route=\/wp\/v2\/types\/page"}],"author":[{"embeddable":true,"href":"https:\/\/astrid-p.de\/index.php?rest_route=\/wp\/v2\/users\/1"}],"replies":[{"embeddable":true,"href":"https:\/\/astrid-p.de\/index.php?rest_route=%2Fwp%2Fv2%2Fcomments&post=213"}],"version-history":[{"count":29,"href":"https:\/\/astrid-p.de\/index.php?rest_route=\/wp\/v2\/pages\/213\/revisions"}],"predecessor-version":[{"id":337,"href":"https:\/\/astrid-p.de\/index.php?rest_route=\/wp\/v2\/pages\/213\/revisions\/337"}],"wp:attachment":[{"href":"https:\/\/astrid-p.de\/index.php?rest_route=%2Fwp%2Fv2%2Fmedia&parent=213"}],"curies":[{"name":"wp","href":"https:\/\/api.w.org\/{rel}","templated":true}]}}